{"id":131,"date":"2023-07-17T15:46:54","date_gmt":"2023-07-17T13:46:54","guid":{"rendered":"https:\/\/urretxubarcelona.com\/?page_id=131"},"modified":"2023-10-16T16:35:27","modified_gmt":"2023-10-16T14:35:27","slug":"politica-de-accesibilidad","status":"publish","type":"page","link":"https:\/\/urretxubarcelona.com\/ca\/politica-de-accesibilidad\/","title":{"rendered":"Pol\u00edtica de Accesibilidad"},"content":{"rendered":"<div data-elementor-type=\"wp-page\" data-elementor-id=\"131\" class=\"elementor elementor-131\" data-elementor-post-type=\"page\">\n\t\t\t\t\t\t\t\t\t<section class=\"elementor-section elementor-top-section elementor-element elementor-element-4274662 elementor-section-boxed elementor-section-height-default elementor-section-height-default\" data-id=\"4274662\" data-element_type=\"section\">\n\t\t\t\t\t\t<div class=\"elementor-container elementor-column-gap-default\">\n\t\t\t\t\t<div class=\"elementor-column elementor-col-100 elementor-top-column elementor-element elementor-element-ee2eb58\" data-id=\"ee2eb58\" data-element_type=\"column\">\n\t\t\t<div class=\"elementor-widget-wrap elementor-element-populated\">\n\t\t\t\t\t\t\t\t<div class=\"elementor-element elementor-element-899b64f elementor-widget elementor-widget-heading\" data-id=\"899b64f\" data-element_type=\"widget\" data-widget_type=\"heading.default\">\n\t\t\t\t<div class=\"elementor-widget-container\">\n\t\t\t<style>\/*! elementor - v3.14.0 - 26-06-2023 *\/\n.elementor-heading-title{padding:0;margin:0;line-height:1}.elementor-widget-heading .elementor-heading-title[class*=elementor-size-]>a{color:inherit;font-size:inherit;line-height:inherit}.elementor-widget-heading .elementor-heading-title.elementor-size-small{font-size:15px}.elementor-widget-heading .elementor-heading-title.elementor-size-medium{font-size:19px}.elementor-widget-heading .elementor-heading-title.elementor-size-large{font-size:29px}.elementor-widget-heading .elementor-heading-title.elementor-size-xl{font-size:39px}.elementor-widget-heading .elementor-heading-title.elementor-size-xxl{font-size:59px}<\/style><h2 class=\"elementor-heading-title elementor-size-default\">POL\u00cdTICA DE ACCESIBILIDAD<\/h2>\t\t<\/div>\n\t\t\t\t<\/div>\n\t\t\t\t<div class=\"elementor-element elementor-element-33c352d elementor-widget elementor-widget-text-editor\" data-id=\"33c352d\" data-element_type=\"widget\" data-widget_type=\"text-editor.default\">\n\t\t\t\t<div class=\"elementor-widget-container\">\n\t\t\t<style>\/*! elementor - v3.14.0 - 26-06-2023 *\/\n.elementor-widget-text-editor.elementor-drop-cap-view-stacked .elementor-drop-cap{background-color:#69727d;color:#fff}.elementor-widget-text-editor.elementor-drop-cap-view-framed .elementor-drop-cap{color:#69727d;border:3px solid;background-color:transparent}.elementor-widget-text-editor:not(.elementor-drop-cap-view-default) .elementor-drop-cap{margin-top:8px}.elementor-widget-text-editor:not(.elementor-drop-cap-view-default) .elementor-drop-cap-letter{width:1em;height:1em}.elementor-widget-text-editor .elementor-drop-cap{float:left;text-align:center;line-height:1;font-size:50px}.elementor-widget-text-editor .elementor-drop-cap-letter{display:inline-block}<\/style>\t\t\t\t<p>La empresa EgarvoltaS.L., desarrollador de la web www.urretxubarcelona.com, se ha comprometido a hacer accesible su sitio web de conformidad con el Real Decreto 1112\/2018, de 7 de septiembre, sobre accesibilidad de los sitios web y aplicaciones para dispositivos m\u00f3viles del sector p\u00fablico, o desarrollos financiados desde Europa.<\/p><p>La presente declaraci\u00f3n de accesibilidad se aplica al sitio web\u00a0<strong><span style=\"color: #000000;\"><a style=\"color: #000000;\" href=\"https:\/\/urretxubarcelona.com\/ca\/\">https:\/\/urretxubarcelona.com<\/a>\u00a0\u00a0<\/span><\/strong>excluyendo los contenidos incrustados provenientes de otros dominios.<\/p><h5>SITUACI\u00d3N DE CUMPLIMIENTO<\/h5><p>Este sitio web es Parcialmente conforme con el RD 1112\/2018 debido a la falta de conformidad de los aspectos que se indican a continuaci\u00f3n.<\/p><h5>Contenido no accesible<\/h5><p>El contenido que se recoge a continuaci\u00f3n no es accesible por los siguientes motivos:<\/p><p>Falta de conformidad:<\/p><ul><li>Puede existir algunas alternativas textuales que no sean correctas \u2013 Requisito n\u00famero 9.1.1.1 Contenido no textual de UNE-EN 301549:2022<\/li><li>Podr\u00edan existir fallos puntuales de edici\u00f3n en alguna de las secciones de la p\u00e1gina web.<\/li><li>Carga desproporcionada: no resulta aplicable.<\/li><li>El contenido no entra dentro del \u00e1mbito de la legislaci\u00f3n aplicable.<\/li><\/ul><p>\u00a0<\/p><p>Si desea notificar alg\u00fan problema de accesibilidad puede hacerlo a trav\u00e9s de nuestro mail urretxubarcelona@gmail.com<\/p>\t\t\t\t\t\t<\/div>\n\t\t\t\t<\/div>\n\t\t\t\t\t<\/div>\n\t\t<\/div>\n\t\t\t\t\t\t\t<\/div>\n\t\t<\/section>\n\t\t\t\t\t\t\t<\/div>","protected":false},"excerpt":{"rendered":"<p>POL\u00cdTICA DE ACCESIBILIDAD La empresa EgarvoltaS.L., desarrollador de la web www.urretxubarcelona.com, se ha comprometido a hacer accesible su sitio web de conformidad con el Real Decreto 1112\/2018, de 7 de septiembre, sobre accesibilidad de los sitios web y aplicaciones para dispositivos m\u00f3viles del sector p\u00fablico, o desarrollos financiados desde Europa. La presente declaraci\u00f3n de accesibilidad [&hellip;]<\/p>","protected":false},"author":2,"featured_media":0,"parent":0,"menu_order":0,"comment_status":"closed","ping_status":"closed","template":"elementor_header_footer","meta":{"footnotes":""},"yoast_head":"<!-- This site is optimized with the Yoast SEO plugin v21.3 - https:\/\/yoast.com\/wordpress\/plugins\/seo\/ -->\n<title>Pol\u00edtica de Accesibilidad - Urretxu Barcelona<\/title>\n<meta name=\"robots\" content=\"index, follow, max-snippet:-1, max-image-preview:large, max-video-preview:-1\" \/>\n<link rel=\"canonical\" href=\"https:\/\/urretxubarcelona.com\/ca\/politica-de-accesibilidad\/\" \/>\n<meta property=\"og:locale\" content=\"ca_ES\" \/>\n<meta property=\"og:type\" content=\"article\" \/>\n<meta property=\"og:title\" content=\"Pol\u00edtica de Accesibilidad - Urretxu Barcelona\" \/>\n<meta property=\"og:description\" content=\"POL\u00cdTICA DE ACCESIBILIDAD La empresa EgarvoltaS.L., desarrollador de la web www.urretxubarcelona.com, se ha comprometido a hacer accesible su sitio web de conformidad con el Real Decreto 1112\/2018, de 7 de septiembre, sobre accesibilidad de los sitios web y aplicaciones para dispositivos m\u00f3viles del sector p\u00fablico, o desarrollos financiados desde Europa. La presente declaraci\u00f3n de accesibilidad [&hellip;]\" \/>\n<meta property=\"og:url\" content=\"https:\/\/urretxubarcelona.com\/ca\/politica-de-accesibilidad\/\" \/>\n<meta property=\"og:site_name\" content=\"Urretxu Barcelona\" \/>\n<meta property=\"article:modified_time\" content=\"2023-10-16T14:35:27+00:00\" \/>\n<meta name=\"twitter:card\" content=\"summary_large_image\" \/>\n<meta name=\"twitter:label1\" content=\"Temps estimat de lectura\" \/>\n\t<meta name=\"twitter:data1\" content=\"1 minut\" \/>\n<script type=\"application\/ld+json\" class=\"yoast-schema-graph\">{\"@context\":\"https:\/\/schema.org\",\"@graph\":[{\"@type\":\"WebPage\",\"@id\":\"https:\/\/urretxubarcelona.com\/politica-de-accesibilidad\/\",\"url\":\"https:\/\/urretxubarcelona.com\/politica-de-accesibilidad\/\",\"name\":\"Pol\u00edtica de Accesibilidad - Urretxu Barcelona\",\"isPartOf\":{\"@id\":\"https:\/\/urretxubarcelona.com\/ca\/#website\"},\"datePublished\":\"2023-07-17T13:46:54+00:00\",\"dateModified\":\"2023-10-16T14:35:27+00:00\",\"breadcrumb\":{\"@id\":\"https:\/\/urretxubarcelona.com\/politica-de-accesibilidad\/#breadcrumb\"},\"inLanguage\":\"ca\",\"potentialAction\":[{\"@type\":\"ReadAction\",\"target\":[\"https:\/\/urretxubarcelona.com\/politica-de-accesibilidad\/\"]}]},{\"@type\":\"BreadcrumbList\",\"@id\":\"https:\/\/urretxubarcelona.com\/politica-de-accesibilidad\/#breadcrumb\",\"itemListElement\":[{\"@type\":\"ListItem\",\"position\":1,\"name\":\"Portada\",\"item\":\"https:\/\/urretxubarcelona.com\/\"},{\"@type\":\"ListItem\",\"position\":2,\"name\":\"Pol\u00edtica de Accesibilidad\"}]},{\"@type\":\"WebSite\",\"@id\":\"https:\/\/urretxubarcelona.com\/ca\/#website\",\"url\":\"https:\/\/urretxubarcelona.com\/ca\/\",\"name\":\"Urretxu Barcelona\",\"description\":\"\",\"publisher\":{\"@id\":\"https:\/\/urretxubarcelona.com\/ca\/#organization\"},\"potentialAction\":[{\"@type\":\"SearchAction\",\"target\":{\"@type\":\"EntryPoint\",\"urlTemplate\":\"https:\/\/urretxubarcelona.com\/ca\/?s={search_term_string}\"},\"query-input\":\"required name=search_term_string\"}],\"inLanguage\":\"ca\"},{\"@type\":\"Organization\",\"@id\":\"https:\/\/urretxubarcelona.com\/ca\/#organization\",\"name\":\"Urretxu Barcelona\",\"url\":\"https:\/\/urretxubarcelona.com\/ca\/\",\"logo\":{\"@type\":\"ImageObject\",\"inLanguage\":\"ca\",\"@id\":\"https:\/\/urretxubarcelona.com\/ca\/#\/schema\/logo\/image\/\",\"url\":\"https:\/\/urretxubarcelona.com\/wp-content\/uploads\/2023\/10\/f665307d-bee2-4ac6-96c3-b10cd25ae5a3.png\",\"contentUrl\":\"https:\/\/urretxubarcelona.com\/wp-content\/uploads\/2023\/10\/f665307d-bee2-4ac6-96c3-b10cd25ae5a3.png\",\"width\":346,\"height\":105,\"caption\":\"Urretxu Barcelona\"},\"image\":{\"@id\":\"https:\/\/urretxubarcelona.com\/ca\/#\/schema\/logo\/image\/\"}}]}<\/script>\n<!-- \/ Yoast SEO plugin. -->","yoast_head_json":{"title":"Pol\u00edtica de Accesibilidad - Urretxu Barcelona","robots":{"index":"index","follow":"follow","max-snippet":"max-snippet:-1","max-image-preview":"max-image-preview:large","max-video-preview":"max-video-preview:-1"},"canonical":"https:\/\/urretxubarcelona.com\/ca\/politica-de-accesibilidad\/","og_locale":"ca_ES","og_type":"article","og_title":"Pol\u00edtica de Accesibilidad - Urretxu Barcelona","og_description":"POL\u00cdTICA DE ACCESIBILIDAD La empresa EgarvoltaS.L., desarrollador de la web www.urretxubarcelona.com, se ha comprometido a hacer accesible su sitio web de conformidad con el Real Decreto 1112\/2018, de 7 de septiembre, sobre accesibilidad de los sitios web y aplicaciones para dispositivos m\u00f3viles del sector p\u00fablico, o desarrollos financiados desde Europa. La presente declaraci\u00f3n de accesibilidad [&hellip;]","og_url":"https:\/\/urretxubarcelona.com\/ca\/politica-de-accesibilidad\/","og_site_name":"Urretxu Barcelona","article_modified_time":"2023-10-16T14:35:27+00:00","twitter_card":"summary_large_image","twitter_misc":{"Temps estimat de lectura":"1 minut"},"schema":{"@context":"https:\/\/schema.org","@graph":[{"@type":"WebPage","@id":"https:\/\/urretxubarcelona.com\/politica-de-accesibilidad\/","url":"https:\/\/urretxubarcelona.com\/politica-de-accesibilidad\/","name":"Pol\u00edtica de Accesibilidad - Urretxu Barcelona","isPartOf":{"@id":"https:\/\/urretxubarcelona.com\/ca\/#website"},"datePublished":"2023-07-17T13:46:54+00:00","dateModified":"2023-10-16T14:35:27+00:00","breadcrumb":{"@id":"https:\/\/urretxubarcelona.com\/politica-de-accesibilidad\/#breadcrumb"},"inLanguage":"ca","potentialAction":[{"@type":"ReadAction","target":["https:\/\/urretxubarcelona.com\/politica-de-accesibilidad\/"]}]},{"@type":"BreadcrumbList","@id":"https:\/\/urretxubarcelona.com\/politica-de-accesibilidad\/#breadcrumb","itemListElement":[{"@type":"ListItem","position":1,"name":"Portada","item":"https:\/\/urretxubarcelona.com\/"},{"@type":"ListItem","position":2,"name":"Pol\u00edtica de Accesibilidad"}]},{"@type":"WebSite","@id":"https:\/\/urretxubarcelona.com\/ca\/#website","url":"https:\/\/urretxubarcelona.com\/ca\/","name":"Urretxu Barcelona","description":"","publisher":{"@id":"https:\/\/urretxubarcelona.com\/ca\/#organization"},"potentialAction":[{"@type":"SearchAction","target":{"@type":"EntryPoint","urlTemplate":"https:\/\/urretxubarcelona.com\/ca\/?s={search_term_string}"},"query-input":"required name=search_term_string"}],"inLanguage":"ca"},{"@type":"Organization","@id":"https:\/\/urretxubarcelona.com\/ca\/#organization","name":"Urretxu Barcelona","url":"https:\/\/urretxubarcelona.com\/ca\/","logo":{"@type":"ImageObject","inLanguage":"ca","@id":"https:\/\/urretxubarcelona.com\/ca\/#\/schema\/logo\/image\/","url":"https:\/\/urretxubarcelona.com\/wp-content\/uploads\/2023\/10\/f665307d-bee2-4ac6-96c3-b10cd25ae5a3.png","contentUrl":"https:\/\/urretxubarcelona.com\/wp-content\/uploads\/2023\/10\/f665307d-bee2-4ac6-96c3-b10cd25ae5a3.png","width":346,"height":105,"caption":"Urretxu Barcelona"},"image":{"@id":"https:\/\/urretxubarcelona.com\/ca\/#\/schema\/logo\/image\/"}}]}},"_links":{"self":[{"href":"https:\/\/urretxubarcelona.com\/ca\/wp-json\/wp\/v2\/pages\/131"}],"collection":[{"href":"https:\/\/urretxubarcelona.com\/ca\/wp-json\/wp\/v2\/pages"}],"about":[{"href":"https:\/\/urretxubarcelona.com\/ca\/wp-json\/wp\/v2\/types\/page"}],"author":[{"embeddable":true,"href":"https:\/\/urretxubarcelona.com\/ca\/wp-json\/wp\/v2\/users\/2"}],"replies":[{"embeddable":true,"href":"https:\/\/urretxubarcelona.com\/ca\/wp-json\/wp\/v2\/comments?post=131"}],"version-history":[{"count":4,"href":"https:\/\/urretxubarcelona.com\/ca\/wp-json\/wp\/v2\/pages\/131\/revisions"}],"predecessor-version":[{"id":380,"href":"https:\/\/urretxubarcelona.com\/ca\/wp-json\/wp\/v2\/pages\/131\/revisions\/380"}],"wp:attachment":[{"href":"https:\/\/urretxubarcelona.com\/ca\/wp-json\/wp\/v2\/media?parent=131"}],"curies":[{"name":"wp","href":"https:\/\/api.w.org\/{rel}","templated":true}]}}