{"id":125,"date":"2023-07-17T15:45:25","date_gmt":"2023-07-17T13:45:25","guid":{"rendered":"https:\/\/urretxubarcelona.com\/?page_id=125"},"modified":"2023-10-16T16:27:46","modified_gmt":"2023-10-16T14:27:46","slug":"aviso-legal","status":"publish","type":"page","link":"https:\/\/urretxubarcelona.com\/ca\/aviso-legal\/","title":{"rendered":"Aviso Legal"},"content":{"rendered":"<div data-elementor-type=\"wp-page\" data-elementor-id=\"125\" class=\"elementor elementor-125\" data-elementor-post-type=\"page\">\n\t\t\t\t\t\t\t\t\t<section class=\"elementor-section elementor-top-section elementor-element elementor-element-47d3bd8 elementor-section-boxed elementor-section-height-default elementor-section-height-default\" data-id=\"47d3bd8\" data-element_type=\"section\">\n\t\t\t\t\t\t<div class=\"elementor-container elementor-column-gap-default\">\n\t\t\t\t\t<div class=\"elementor-column elementor-col-100 elementor-top-column elementor-element elementor-element-1171f93\" data-id=\"1171f93\" data-element_type=\"column\">\n\t\t\t<div class=\"elementor-widget-wrap elementor-element-populated\">\n\t\t\t\t\t\t\t\t<div class=\"elementor-element elementor-element-08ac241 elementor-widget elementor-widget-heading\" data-id=\"08ac241\" data-element_type=\"widget\" data-widget_type=\"heading.default\">\n\t\t\t\t<div class=\"elementor-widget-container\">\n\t\t\t<style>\/*! elementor - v3.14.0 - 26-06-2023 *\/\n.elementor-heading-title{padding:0;margin:0;line-height:1}.elementor-widget-heading .elementor-heading-title[class*=elementor-size-]>a{color:inherit;font-size:inherit;line-height:inherit}.elementor-widget-heading .elementor-heading-title.elementor-size-small{font-size:15px}.elementor-widget-heading .elementor-heading-title.elementor-size-medium{font-size:19px}.elementor-widget-heading .elementor-heading-title.elementor-size-large{font-size:29px}.elementor-widget-heading .elementor-heading-title.elementor-size-xl{font-size:39px}.elementor-widget-heading .elementor-heading-title.elementor-size-xxl{font-size:59px}<\/style><h2 class=\"elementor-heading-title elementor-size-default\">AVISO LEGAL<\/h2>\t\t<\/div>\n\t\t\t\t<\/div>\n\t\t\t\t<div class=\"elementor-element elementor-element-4dc39d9 elementor-widget elementor-widget-text-editor\" data-id=\"4dc39d9\" data-element_type=\"widget\" data-widget_type=\"text-editor.default\">\n\t\t\t\t<div class=\"elementor-widget-container\">\n\t\t\t<style>\/*! elementor - v3.14.0 - 26-06-2023 *\/\n.elementor-widget-text-editor.elementor-drop-cap-view-stacked .elementor-drop-cap{background-color:#69727d;color:#fff}.elementor-widget-text-editor.elementor-drop-cap-view-framed .elementor-drop-cap{color:#69727d;border:3px solid;background-color:transparent}.elementor-widget-text-editor:not(.elementor-drop-cap-view-default) .elementor-drop-cap{margin-top:8px}.elementor-widget-text-editor:not(.elementor-drop-cap-view-default) .elementor-drop-cap-letter{width:1em;height:1em}.elementor-widget-text-editor .elementor-drop-cap{float:left;text-align:center;line-height:1;font-size:50px}.elementor-widget-text-editor .elementor-drop-cap-letter{display:inline-block}<\/style>\t\t\t\t<header class=\"text-center\"><h4>I. INFORMACI\u00d3N GENERAL<\/h4><\/header><div><p>En cumplimiento con el deber de informaci\u00f3n dispuesto en la Ley 34\/2002 de Servicios de la Sociedad de la Informaci\u00f3n y el Comercio Electr\u00f3nico (LSSI-CE) de 11 de julio, se facilitan a continuaci\u00f3n los siguientes datos de informaci\u00f3n general de este sitio web:<\/p><p class=\"\">La titularidad de este sitio web, <span class=\"blanc-space ng-binding\">www.urretxubarcelona.com<\/span>, (en adelante, Sitio Web) la ostenta: <span class=\"blanc-space ng-binding\">URRETXU CUINA, S.L.<\/span>, provista de NIF: <span class=\"blanc-space ng-binding\">B62885801<\/span> e inscrita en: <span class=\"blanc-space ng-binding\">Registro mercantil de Barcelona<\/span> con los siguientes datos registrales: <span class=\"blanc-space ng-binding\">Tomo 34609, folio 218, hoja B34609, Inscripci\u00f3n 2<\/span>, cuyo representante es: <span class=\"blanc-space ng-binding\">Jos\u00e9 Ram\u00f3n Ocariz Legorburu<\/span>, y cuyos datos de contacto son:<\/p><p>Direcci\u00f3n: <span class=\"blanc-space ng-binding\">c\/ de la Marina, 64, 08005 Barcelona<\/span><\/p><p>Tel\u00e9fono de contacto: <span class=\"blanc-space ng-binding\">932210937<\/span><\/p><p>Email de contacto: <span class=\"blanc-space ng-binding\">urretxubarcelona@gmail.com<\/span><\/p><h3>II. T\u00c9RMINOS Y CONDICIONES GENERALES DE USO<\/h3><h4>El objeto de las condiciones: El Sitio Web<\/h4><p>El objeto de las presentes Condiciones Generales de Uso (en adelante, Condiciones) es regular el acceso y la utilizaci\u00f3n del Sitio Web. A los efectos de las presentes Condiciones se entender\u00e1 como Sitio Web: la apariencia externa de los interfaces de pantalla, tanto de forma est\u00e1tica como de forma din\u00e1mica, es decir, el \u00e1rbol de navegaci\u00f3n; y todos los elementos integrados tanto en los interfaces de pantalla como en el \u00e1rbol de navegaci\u00f3n (en adelante, Contenidos) y todos aquellos servicios o recursos en l\u00ednea que en su caso ofrezca a los Usuarios (en adelante, Servicios).<\/p><p><span class=\"blanc-space ng-binding\">Urretxu<\/span> se reserva la facultad de modificar, en cualquier momento, y sin aviso previo, la presentaci\u00f3n y configuraci\u00f3n del Sitio Web y de los Contenidos y Servicios que en \u00e9l pudieran estar incorporados. El Usuario reconoce y acepta que en cualquier momento <span class=\"blanc-space ng-binding\">Urretxu<\/span> pueda interrumpir, desactivar y\/o cancelar cualquiera de estos elementos que se integran en el Sitio Web o el acceso a los mismos.<\/p><p>El acceso al Sitio Web por el Usuario tiene car\u00e1cter libre y, por regla general, es gratuito sin que el Usuario tenga que proporcionar una contraprestaci\u00f3n para poder disfrutar de ello, salvo en lo relativo al coste de conexi\u00f3n a trav\u00e9s de la red de telecomunicaciones suministrada por el proveedor de acceso que hubiere contratado el Usuario.<\/p><p class=\"\">La utilizaci\u00f3n de los Contenidos no requiere previa suscripci\u00f3n o registro alguno.<\/p><h4>El Usuario<\/h4><p>El acceso, la navegaci\u00f3n y uso del Sitio Web, confiere la condici\u00f3n de Usuario, por lo que se aceptan, desde que se inicia la navegaci\u00f3n por el Sitio Web, todas las Condiciones aqu\u00ed establecidas, as\u00ed como sus ulteriores modificaciones, sin perjuicio de la aplicaci\u00f3n de la correspondiente normativa legal de obligado cumplimiento seg\u00fan el caso. Dada la relevancia de lo anterior, se recomienda al Usuario leerlas cada vez que visite el Sitio Web.<\/p><p>El Sitio Web de <span class=\"blanc-space ng-binding\">Urretxu<\/span> proporciona gran diversidad de informaci\u00f3n, servicios y datos. El Usuario asume su responsabilidad para realizar un uso correcto del Sitio Web. Esta responsabilidad se extender\u00e1 a:<\/p><ul><li>Un uso de la informaci\u00f3n, Contenidos y\/o Servicios y datos ofrecidos por <span class=\"blanc-space ng-binding\">Urretxu<\/span> sin que sea contrario a lo dispuesto por las presentes Condiciones, la Ley, la moral o el orden p\u00fablico, o que de cualquier otro modo puedan suponer lesi\u00f3n de los derechos de terceros o del mismo funcionamiento del Sitio Web.<\/li><li>La veracidad y licitud de las informaciones aportadas por el Usuario en los formularios extendidos por <span class=\"blanc-space ng-binding\">Urretxu<\/span> para el acceso a ciertos Contenidos o Servicios ofrecidos por el Sitio Web. En todo caso, el Usuario notificar\u00e1 de forma inmediata a <span class=\"blanc-space ng-binding\">Urretxu<\/span> acerca de cualquier hecho que permita el uso indebido de la informaci\u00f3n registrada en dichos formularios, tales como, pero no solo, el robo, extrav\u00edo, o el acceso no autorizado a identificadores y\/o contrase\u00f1as, con el fin de proceder a su inmediata cancelaci\u00f3n.<\/li><\/ul><p>El mero acceso a este Sitio Web no supone entablar ning\u00fan tipo de relaci\u00f3n de car\u00e1cter comercial entre <span class=\"blanc-space ng-binding\">Urretxu<\/span> y el Usuario.<\/p><p class=\"\">Siempre en el respeto de la legislaci\u00f3n vigente, este Sitio Web de <span class=\"blanc-space ng-binding\">Urretxu<\/span> se dirige a todas las personas, sin importar su edad, que puedan acceder y\/o navegar por las p\u00e1ginas del Sitio Web.<\/p><p>El Sitio Web est\u00e1 dirigido principalmente a Usuarios residentes en <span class=\"blanc-space ng-binding\">Espa\u00f1a<\/span>. <span class=\"blanc-space ng-binding\">Urretxu<\/span> no asegura que el Sitio Web cumpla con legislaciones de otros pa\u00edses, ya sea total o parcialmente. Si el Usuario reside o tiene su domiciliado en otro lugar y decide acceder y\/o navegar en el Sitio Web lo har\u00e1 bajo su propia responsabilidad, deber\u00e1 asegurarse de que tal acceso y navegaci\u00f3n cumple con la legislaci\u00f3n local que le es aplicable, no asumiendo <span class=\"blanc-space ng-binding\">Urretxu<\/span> responsabilidad alguna que se pueda derivar de dicho acceso.<\/p><h3>III. ACCESO Y NAVEGACI\u00d3N EN EL SITIO WEB: EXCLUSI\u00d3N DE GARANT\u00cdAS Y RESPONSABILIDAD<\/h3><p><span class=\"blanc-space ng-binding\">Urretxu<\/span> no garantiza la continuidad, disponibilidad y utilidad del Sitio Web, ni de los Contenidos o Servicios. <span class=\"blanc-space ng-binding\">Urretxu<\/span> har\u00e1 todo lo posible por el buen funcionamiento del Sitio Web, sin embargo, no se responsabiliza ni garantiza que el acceso a este Sitio Web no vaya a ser ininterrumpido o que est\u00e9 libre de error.<\/p><p>Tampoco se responsabiliza o garantiza que el contenido o software al que pueda accederse a trav\u00e9s de este Sitio Web, est\u00e9 libre de error o cause un da\u00f1o al sistema inform\u00e1tico (software y hardware) del Usuario. En ning\u00fan caso <span class=\"blanc-space ng-binding\">Urretxu<\/span> ser\u00e1 responsable por las p\u00e9rdidas, da\u00f1os o perjuicios de cualquier tipo que surjan por el acceso, navegaci\u00f3n y el uso del Sitio Web, incluy\u00e9ndose, pero no limit\u00e1ndose, a los ocasionados a los sistemas inform\u00e1ticos o los provocados por la introducci\u00f3n de virus.<\/p><p><span class=\"blanc-space ng-binding\">Urretxu<\/span> tampoco se hace responsable de los da\u00f1os que pudiesen ocasionarse a los usuarios por un uso inadecuado de este Sitio Web. En particular, no se hace responsable en modo alguno de las ca\u00eddas, interrupciones, falta o defecto de las telecomunicaciones que pudieran ocurrir.<\/p><h3>IV. POL\u00cdTICA DE ENLACES<\/h3><p>El Usuario o tercero que realice un hiperv\u00ednculo desde una p\u00e1gina web de otro, distinto, sitio web al Sitio Web de <span class=\"blanc-space ng-binding\">Urretxu<\/span>deber\u00e1 saber que:<\/p><p>No se permite la reproducci\u00f3n \u2014total o parcialmente\u2014 de ninguno de los Contenidos y\/o Servicios del Sitio Web sin autorizaci\u00f3n expresa de <span class=\"blanc-space ng-binding\">Urretxu<\/span>.<\/p><p>No se permite tampoco ninguna manifestaci\u00f3n falsa, inexacta o incorrecta sobre el Sitio Web de <span class=\"blanc-space ng-binding\">Urretxu<\/span>, ni sobre los Contenidos y\/o Servicios del mismo.<\/p><p>A excepci\u00f3n del hiperv\u00ednculo, el sitio web en el que se establezca dicho hiperenlace no contendr\u00e1 ning\u00fan elemento, de este Sitio Web, protegido como propiedad intelectual por el ordenamiento jur\u00eddico espa\u00f1ol, salvo autorizaci\u00f3n expresa de <span class=\"blanc-space ng-binding\">Urretxu<\/span>.<\/p><p>El establecimiento del hiperv\u00ednculo no implicar\u00e1 la existencia de relaciones entre <span class=\"blanc-space ng-binding\">Urretxu<\/span> y el titular del sitio web desde el cual se realice, ni el conocimiento y aceptaci\u00f3n de <span class=\"blanc-space ng-binding\">Urretxu<\/span> de los contenidos, servicios y\/o actividades ofrecidas en dicho sitio web, y viceversa.<\/p><h3>V. PROPIEDAD INTELECTUAL E INDUSTRIAL<\/h3><p><span class=\"blanc-space ng-binding\">Urretxu<\/span> por s\u00ed o como parte cesionaria, es titular de todos los derechos de propiedad intelectual e industrial del Sitio Web, as\u00ed como de los elementos contenidos en el mismo (a t\u00edtulo enunciativo y no exhaustivo, im\u00e1genes, sonido, audio, v\u00eddeo, software o textos, marcas o logotipos, combinaciones de colores, estructura y dise\u00f1o, selecci\u00f3n de materiales usados, programas de ordenador necesarios para su funcionamiento, acceso y uso, etc.). Ser\u00e1n, por consiguiente, obras protegidas como propiedad intelectual por el ordenamiento jur\u00eddico espa\u00f1ol, si\u00e9ndoles aplicables tanto la normativa espa\u00f1ola y comunitaria en este campo, como los tratados internacionales relativos a la materia y suscritos por Espa\u00f1a.<\/p><p>Todos los derechos reservados. En virtud de lo dispuesto en la Ley de Propiedad Intelectual, quedan expresamente prohibidas la reproducci\u00f3n, la distribuci\u00f3n y la comunicaci\u00f3n p\u00fablica, incluida su modalidad de puesta a disposici\u00f3n, de la totalidad o parte de los contenidos de esta p\u00e1gina web, con fines comerciales, en cualquier soporte y por cualquier medio t\u00e9cnico, sin la autorizaci\u00f3n de <span class=\"blanc-space ng-binding\">Urretxu<\/span>.<\/p><p>El Usuario se compromete a respetar los derechos de propiedad intelectual e industrial de <span class=\"blanc-space ng-binding\">Urretxu<\/span>. Podr\u00e1 visualizar los elementos del Sitio Web o incluso imprimirlos, copiarlos y almacenarlos en el disco duro de su ordenador o en cualquier otro soporte f\u00edsico siempre y cuando sea, exclusivamente, para su uso personal. El Usuario, sin embargo, no podr\u00e1 suprimir, alterar, o manipular cualquier dispositivo de protecci\u00f3n o sistema de seguridad que estuviera instalado en el Sitio Web.<\/p><p>En caso de que el Usuario o tercero considere que cualquiera de los Contenidos del Sitio Web suponga una violaci\u00f3n de los derechos de protecci\u00f3n de la propiedad intelectual, deber\u00e1 comunicarlo inmediatamente a <span class=\"blanc-space ng-binding\">Urretxu<\/span> a trav\u00e9s de los datos de contacto del apartado de INFORMACI\u00d3N GENERAL de este Aviso Legal y Condiciones Generales de Uso.<\/p><h3>VI. ACCIONES LEGALES, LEGISLACI\u00d3N APLICABLE Y JURISDICCI\u00d3N<\/h3><p><span class=\"blanc-space ng-binding\">Urretxu<\/span> se reserva la facultad de presentar las acciones civiles o penales que considere necesarias por la utilizaci\u00f3n indebida del Sitio Web y Contenidos, o por el incumplimiento de las presentes Condiciones.<\/p><p>La relaci\u00f3n entre el Usuario y <span class=\"blanc-space ng-binding\">Urretxu<\/span> se regir\u00e1 por la normativa vigente y de aplicaci\u00f3n en el territorio espa\u00f1ol. De surgir cualquier controversia en relaci\u00f3n con la interpretaci\u00f3n y\/o a la aplicaci\u00f3n de estas Condiciones las partes someter\u00e1n sus conflictos a la jurisdicci\u00f3n ordinaria someti\u00e9ndose a los jueces y tribunales que correspondan conforme a derecho.<\/p><p>Este documento de Aviso Legal ha sido creado\u00a0el d\u00eda 16\/10\/2023.<\/p><\/div>\t\t\t\t\t\t<\/div>\n\t\t\t\t<\/div>\n\t\t\t\t\t<\/div>\n\t\t<\/div>\n\t\t\t\t\t\t\t<\/div>\n\t\t<\/section>\n\t\t\t\t\t\t\t<\/div>","protected":false},"excerpt":{"rendered":"<p>AVISO LEGAL I. INFORMACI\u00d3N GENERAL En cumplimiento con el deber de informaci\u00f3n dispuesto en la Ley 34\/2002 de Servicios de la Sociedad de la Informaci\u00f3n y el Comercio Electr\u00f3nico (LSSI-CE) de 11 de julio, se facilitan a continuaci\u00f3n los siguientes datos de informaci\u00f3n general de este sitio web: La titularidad de este sitio web, www.urretxubarcelona.com, [&hellip;]<\/p>","protected":false},"author":2,"featured_media":0,"parent":0,"menu_order":0,"comment_status":"closed","ping_status":"closed","template":"elementor_header_footer","meta":{"footnotes":""},"yoast_head":"<!-- This site is optimized with the Yoast SEO plugin v21.3 - https:\/\/yoast.com\/wordpress\/plugins\/seo\/ -->\n<title>Aviso Legal - Urretxu Barcelona<\/title>\n<meta name=\"robots\" content=\"index, follow, max-snippet:-1, max-image-preview:large, max-video-preview:-1\" \/>\n<link rel=\"canonical\" href=\"https:\/\/urretxubarcelona.com\/ca\/aviso-legal\/\" \/>\n<meta property=\"og:locale\" content=\"ca_ES\" \/>\n<meta property=\"og:type\" content=\"article\" \/>\n<meta property=\"og:title\" content=\"Aviso Legal - Urretxu Barcelona\" \/>\n<meta property=\"og:description\" content=\"AVISO LEGAL I. INFORMACI\u00d3N GENERAL En cumplimiento con el deber de informaci\u00f3n dispuesto en la Ley 34\/2002 de Servicios de la Sociedad de la Informaci\u00f3n y el Comercio Electr\u00f3nico (LSSI-CE) de 11 de julio, se facilitan a continuaci\u00f3n los siguientes datos de informaci\u00f3n general de este sitio web: La titularidad de este sitio web, www.urretxubarcelona.com, [&hellip;]\" \/>\n<meta property=\"og:url\" content=\"https:\/\/urretxubarcelona.com\/ca\/aviso-legal\/\" \/>\n<meta property=\"og:site_name\" content=\"Urretxu Barcelona\" \/>\n<meta property=\"article:modified_time\" content=\"2023-10-16T14:27:46+00:00\" \/>\n<meta name=\"twitter:card\" content=\"summary_large_image\" \/>\n<meta name=\"twitter:label1\" content=\"Temps estimat de lectura\" \/>\n\t<meta name=\"twitter:data1\" content=\"8 minuts\" \/>\n<script type=\"application\/ld+json\" class=\"yoast-schema-graph\">{\"@context\":\"https:\/\/schema.org\",\"@graph\":[{\"@type\":\"WebPage\",\"@id\":\"https:\/\/urretxubarcelona.com\/aviso-legal\/\",\"url\":\"https:\/\/urretxubarcelona.com\/aviso-legal\/\",\"name\":\"Aviso Legal - Urretxu Barcelona\",\"isPartOf\":{\"@id\":\"https:\/\/urretxubarcelona.com\/ca\/#website\"},\"datePublished\":\"2023-07-17T13:45:25+00:00\",\"dateModified\":\"2023-10-16T14:27:46+00:00\",\"breadcrumb\":{\"@id\":\"https:\/\/urretxubarcelona.com\/aviso-legal\/#breadcrumb\"},\"inLanguage\":\"ca\",\"potentialAction\":[{\"@type\":\"ReadAction\",\"target\":[\"https:\/\/urretxubarcelona.com\/aviso-legal\/\"]}]},{\"@type\":\"BreadcrumbList\",\"@id\":\"https:\/\/urretxubarcelona.com\/aviso-legal\/#breadcrumb\",\"itemListElement\":[{\"@type\":\"ListItem\",\"position\":1,\"name\":\"Portada\",\"item\":\"https:\/\/urretxubarcelona.com\/\"},{\"@type\":\"ListItem\",\"position\":2,\"name\":\"Aviso Legal\"}]},{\"@type\":\"WebSite\",\"@id\":\"https:\/\/urretxubarcelona.com\/ca\/#website\",\"url\":\"https:\/\/urretxubarcelona.com\/ca\/\",\"name\":\"Urretxu Barcelona\",\"description\":\"\",\"publisher\":{\"@id\":\"https:\/\/urretxubarcelona.com\/ca\/#organization\"},\"potentialAction\":[{\"@type\":\"SearchAction\",\"target\":{\"@type\":\"EntryPoint\",\"urlTemplate\":\"https:\/\/urretxubarcelona.com\/ca\/?s={search_term_string}\"},\"query-input\":\"required name=search_term_string\"}],\"inLanguage\":\"ca\"},{\"@type\":\"Organization\",\"@id\":\"https:\/\/urretxubarcelona.com\/ca\/#organization\",\"name\":\"Urretxu Barcelona\",\"url\":\"https:\/\/urretxubarcelona.com\/ca\/\",\"logo\":{\"@type\":\"ImageObject\",\"inLanguage\":\"ca\",\"@id\":\"https:\/\/urretxubarcelona.com\/ca\/#\/schema\/logo\/image\/\",\"url\":\"https:\/\/urretxubarcelona.com\/wp-content\/uploads\/2023\/10\/f665307d-bee2-4ac6-96c3-b10cd25ae5a3.png\",\"contentUrl\":\"https:\/\/urretxubarcelona.com\/wp-content\/uploads\/2023\/10\/f665307d-bee2-4ac6-96c3-b10cd25ae5a3.png\",\"width\":346,\"height\":105,\"caption\":\"Urretxu Barcelona\"},\"image\":{\"@id\":\"https:\/\/urretxubarcelona.com\/ca\/#\/schema\/logo\/image\/\"}}]}<\/script>\n<!-- \/ Yoast SEO plugin. -->","yoast_head_json":{"title":"Aviso Legal - Urretxu Barcelona","robots":{"index":"index","follow":"follow","max-snippet":"max-snippet:-1","max-image-preview":"max-image-preview:large","max-video-preview":"max-video-preview:-1"},"canonical":"https:\/\/urretxubarcelona.com\/ca\/aviso-legal\/","og_locale":"ca_ES","og_type":"article","og_title":"Aviso Legal - Urretxu Barcelona","og_description":"AVISO LEGAL I. INFORMACI\u00d3N GENERAL En cumplimiento con el deber de informaci\u00f3n dispuesto en la Ley 34\/2002 de Servicios de la Sociedad de la Informaci\u00f3n y el Comercio Electr\u00f3nico (LSSI-CE) de 11 de julio, se facilitan a continuaci\u00f3n los siguientes datos de informaci\u00f3n general de este sitio web: La titularidad de este sitio web, www.urretxubarcelona.com, [&hellip;]","og_url":"https:\/\/urretxubarcelona.com\/ca\/aviso-legal\/","og_site_name":"Urretxu Barcelona","article_modified_time":"2023-10-16T14:27:46+00:00","twitter_card":"summary_large_image","twitter_misc":{"Temps estimat de lectura":"8 minuts"},"schema":{"@context":"https:\/\/schema.org","@graph":[{"@type":"WebPage","@id":"https:\/\/urretxubarcelona.com\/aviso-legal\/","url":"https:\/\/urretxubarcelona.com\/aviso-legal\/","name":"Aviso Legal - Urretxu Barcelona","isPartOf":{"@id":"https:\/\/urretxubarcelona.com\/ca\/#website"},"datePublished":"2023-07-17T13:45:25+00:00","dateModified":"2023-10-16T14:27:46+00:00","breadcrumb":{"@id":"https:\/\/urretxubarcelona.com\/aviso-legal\/#breadcrumb"},"inLanguage":"ca","potentialAction":[{"@type":"ReadAction","target":["https:\/\/urretxubarcelona.com\/aviso-legal\/"]}]},{"@type":"BreadcrumbList","@id":"https:\/\/urretxubarcelona.com\/aviso-legal\/#breadcrumb","itemListElement":[{"@type":"ListItem","position":1,"name":"Portada","item":"https:\/\/urretxubarcelona.com\/"},{"@type":"ListItem","position":2,"name":"Aviso Legal"}]},{"@type":"WebSite","@id":"https:\/\/urretxubarcelona.com\/ca\/#website","url":"https:\/\/urretxubarcelona.com\/ca\/","name":"Urretxu Barcelona","description":"","publisher":{"@id":"https:\/\/urretxubarcelona.com\/ca\/#organization"},"potentialAction":[{"@type":"SearchAction","target":{"@type":"EntryPoint","urlTemplate":"https:\/\/urretxubarcelona.com\/ca\/?s={search_term_string}"},"query-input":"required name=search_term_string"}],"inLanguage":"ca"},{"@type":"Organization","@id":"https:\/\/urretxubarcelona.com\/ca\/#organization","name":"Urretxu Barcelona","url":"https:\/\/urretxubarcelona.com\/ca\/","logo":{"@type":"ImageObject","inLanguage":"ca","@id":"https:\/\/urretxubarcelona.com\/ca\/#\/schema\/logo\/image\/","url":"https:\/\/urretxubarcelona.com\/wp-content\/uploads\/2023\/10\/f665307d-bee2-4ac6-96c3-b10cd25ae5a3.png","contentUrl":"https:\/\/urretxubarcelona.com\/wp-content\/uploads\/2023\/10\/f665307d-bee2-4ac6-96c3-b10cd25ae5a3.png","width":346,"height":105,"caption":"Urretxu Barcelona"},"image":{"@id":"https:\/\/urretxubarcelona.com\/ca\/#\/schema\/logo\/image\/"}}]}},"_links":{"self":[{"href":"https:\/\/urretxubarcelona.com\/ca\/wp-json\/wp\/v2\/pages\/125"}],"collection":[{"href":"https:\/\/urretxubarcelona.com\/ca\/wp-json\/wp\/v2\/pages"}],"about":[{"href":"https:\/\/urretxubarcelona.com\/ca\/wp-json\/wp\/v2\/types\/page"}],"author":[{"embeddable":true,"href":"https:\/\/urretxubarcelona.com\/ca\/wp-json\/wp\/v2\/users\/2"}],"replies":[{"embeddable":true,"href":"https:\/\/urretxubarcelona.com\/ca\/wp-json\/wp\/v2\/comments?post=125"}],"version-history":[{"count":4,"href":"https:\/\/urretxubarcelona.com\/ca\/wp-json\/wp\/v2\/pages\/125\/revisions"}],"predecessor-version":[{"id":374,"href":"https:\/\/urretxubarcelona.com\/ca\/wp-json\/wp\/v2\/pages\/125\/revisions\/374"}],"wp:attachment":[{"href":"https:\/\/urretxubarcelona.com\/ca\/wp-json\/wp\/v2\/media?parent=125"}],"curies":[{"name":"wp","href":"https:\/\/api.w.org\/{rel}","templated":true}]}}